{"id":17,"date":"2023-01-29T19:16:44","date_gmt":"2023-01-29T19:16:44","guid":{"rendered":"https:\/\/pilgrimagetoeurope.com\/?page_id=17"},"modified":"2023-01-29T19:25:51","modified_gmt":"2023-01-29T19:25:51","slug":"igwt1","status":"publish","type":"page","link":"https:\/\/pilgrimagetoeurope.com\/en\/igwt1\/","title":{"rendered":"In Green we trust"},"content":{"rendered":"<div data-elementor-type=\"wp-page\" data-elementor-id=\"17\" class=\"elementor elementor-17\">\n\t\t\t\t\t\t<section class=\"elementor-section elementor-top-section elementor-element elementor-element-a99f277 elementor-section-boxed elementor-section-height-default elementor-section-height-default\" data-id=\"a99f277\" data-element_type=\"section\" data-e-type=\"section\">\n\t\t\t\t\t\t<div class=\"elementor-container elementor-column-gap-default\">\n\t\t\t\t\t<div class=\"elementor-column elementor-col-100 elementor-top-column elementor-element elementor-element-11bb813\" data-id=\"11bb813\" data-element_type=\"column\" data-e-type=\"column\">\n\t\t\t<div class=\"elementor-widget-wrap elementor-element-populated\">\n\t\t\t\t\t\t<div class=\"elementor-element elementor-element-7bd94f5 elementor-widget elementor-widget-text-editor\" data-id=\"7bd94f5\" data-element_type=\"widget\" data-e-type=\"widget\" data-widget_type=\"text-editor.default\">\n\t\t\t\t<div class=\"elementor-widget-container\">\n\t\t\t\t\t\t\t\t\t<p>Pilgrimage to Europe se complace en anunciar el inicio de la implementaci\u00f3n de nuestro primer proyecto Erasmus+.<\/p><div class=\"x_ContentPasted0\">In Green we Trust, financiado por Erasmus+, es un intercambio de j\u00f3venes que re\u00fane a 36 participantes procedentes de Chipre, Grecia, Rep\u00fablica de Macedonia del Norte, Ruman\u00eda, Turqu\u00eda y Espa\u00f1a.<\/div><div>\u00a0<\/div><div class=\"x_ContentPasted0\">Los j\u00f3venes se reunir\u00e1n en Alicante para explorar juntos c\u00f3mo la tecnolog\u00eda puede ayudar en la lucha contra el cambio clim\u00e1tico. Activismo, habilidades pr\u00e1cticas, estilo de vida sostenible y herramientas digitales son solo algunas de las palabras clave que caracterizar\u00e1n el encuentro, del 29 de marzo al 6 de abril.<\/div><div class=\"x_ContentPasted0\">Con la metodolog\u00eda de educaci\u00f3n no formal, los participantes adquirir\u00e1n un conjunto de competencias diversas en el \u00e1rea del cambio clim\u00e1tico y tambi\u00e9n habilidades sociales.<\/div><div>\u00a0<\/div><div class=\"x_ContentPasted0\">Manteneos atentos a nuestra p\u00e1gina para descubrir m\u00e1s sobre las actividades, los socios con los que colaboramos y c\u00f3mo Erasmus+ est\u00e1 cambiando la vida de los j\u00f3venes y dando forma a una Europa mejor.<\/div><div>\u00a0<\/div><div class=\"x_ContentPasted0\">ENGLISH:<\/div><div>\u00a0<\/div><div class=\"x_ContentPasted0\">Pilgrimage to Europe is happy to announce the start of implementation of our first Erasmus+ project.<\/div><div class=\"x_ContentPasted0\">In Green we Trust, funded by the Erasmus+ Youth is a youth exchange that reunites 36 participants coming from Cyprus, Greece, Republic of North Macedonia, Romania, Turkey and Spain.<\/div><div>\u00a0<\/div><div class=\"x_ContentPasted0\">Youngsters will meet in the sunny city of Alicante to explore together how technology can help in the fight for climate change. Activism, practical skills, sustainable lifestyle and digital tools are only some of the keywords that characterize the activities that will take place during \u00a029 of March to 6 of april.<\/div><div>\u00a0<\/div><div class=\"x_ContentPasted0\">Under the principles of non-formal education, the participants will acquire a set of diverse competences in the area of climate change and as well social skills.<\/div><p>Stay tuned to our page to discover more about the activities, the partners which we collaborate with and how Erasmus+ is changing youngsters life and shaping a better Europe.<\/p>\t\t\t\t\t\t\t\t<\/div>\n\t\t\t\t<\/div>\n\t\t\t\t\t<\/div>\n\t\t<\/div>\n\t\t\t\t\t<\/div>\n\t\t<\/section>\n\t\t\t\t<section class=\"elementor-section elementor-top-section elementor-element elementor-element-a563eae elementor-section-boxed elementor-section-height-default elementor-section-height-default\" data-id=\"a563eae\" data-element_type=\"section\" data-e-type=\"section\">\n\t\t\t\t\t\t<div class=\"elementor-container elementor-column-gap-default\">\n\t\t\t\t\t<div class=\"elementor-column elementor-col-100 elementor-top-column elementor-element elementor-element-7fb753f\" data-id=\"7fb753f\" data-element_type=\"column\" data-e-type=\"column\">\n\t\t\t<div class=\"elementor-widget-wrap elementor-element-populated\">\n\t\t\t\t\t\t<div class=\"elementor-element elementor-element-2e4301f elementor-widget elementor-widget-image\" data-id=\"2e4301f\" data-element_type=\"widget\" data-e-type=\"widget\" data-widget_type=\"image.default\">\n\t\t\t\t<div class=\"elementor-widget-container\">\n\t\t\t\t\t\t\t\t\t\t\t\t\t\t\t<img fetchpriority=\"high\" decoding=\"async\" width=\"300\" height=\"300\" src=\"https:\/\/i0.wp.com\/pilgrimagetoeurope.com\/wp-content\/uploads\/2023\/01\/alicante-peque.jpg?fit=300%2C300\" class=\"attachment-medium size-medium wp-image-21\" alt=\"\" srcset=\"https:\/\/i0.wp.com\/pilgrimagetoeurope.com\/wp-content\/uploads\/2023\/01\/alicante-peque.jpg?w=544 544w, https:\/\/i0.wp.com\/pilgrimagetoeurope.com\/wp-content\/uploads\/2023\/01\/alicante-peque.jpg?resize=300%2C300 300w, https:\/\/i0.wp.com\/pilgrimagetoeurope.com\/wp-content\/uploads\/2023\/01\/alicante-peque.jpg?resize=150%2C150 150w\" sizes=\"(max-width: 300px) 100vw, 300px\" \/>\t\t\t\t\t\t\t\t\t\t\t\t\t\t\t<\/div>\n\t\t\t\t<\/div>\n\t\t\t\t\t<\/div>\n\t\t<\/div>\n\t\t\t\t\t<\/div>\n\t\t<\/section>\n\t\t\t\t<\/div>","protected":false},"excerpt":{"rendered":"<p>Pilgrimage to Europe se complace en anunciar el inicio de la implementaci\u00f3n de nuestro primer proyecto Erasmus+. In Green we Trust, financiado por Erasmus+, es un intercambio de j\u00f3venes que re\u00fane a 36 participantes procedentes de Chipre, Grecia, Rep\u00fablica de Macedonia del Norte, Ruman\u00eda, Turqu\u00eda y Espa\u00f1a.\u00a0Los j\u00f3venes se reunir\u00e1n en Alicante para explorar juntos [&hellip;]<\/p>\n","protected":false},"author":1,"featured_media":0,"parent":0,"menu_order":0,"comment_status":"closed","ping_status":"closed","template":"","meta":{"nf_dc_page":"","om_disable_all_campaigns":false,"footnotes":""},"class_list":["post-17","page","type-page","status-publish","hentry"],"yoast_head":"<!-- This site is optimized with the Yoast SEO plugin v27.4 - https:\/\/yoast.com\/product\/yoast-seo-wordpress\/ -->\n<title>In Green we trust - pilgrimagetoeurope.com<\/title>\n<meta name=\"robots\" content=\"index, follow, max-snippet:-1, max-image-preview:large, max-video-preview:-1\" \/>\n<link rel=\"canonical\" href=\"http:\/\/pilgrimagetoeurope.com\/en\/igwt1\/\" \/>\n<meta property=\"og:locale\" content=\"en_GB\" \/>\n<meta property=\"og:type\" content=\"article\" \/>\n<meta property=\"og:title\" content=\"In Green we trust - pilgrimagetoeurope.com\" \/>\n<meta property=\"og:description\" content=\"Pilgrimage to Europe se complace en anunciar el inicio de la implementaci\u00f3n de nuestro primer proyecto Erasmus+. In Green we Trust, financiado por Erasmus+, es un intercambio de j\u00f3venes que re\u00fane a 36 participantes procedentes de Chipre, Grecia, Rep\u00fablica de Macedonia del Norte, Ruman\u00eda, Turqu\u00eda y Espa\u00f1a.\u00a0Los j\u00f3venes se reunir\u00e1n en Alicante para explorar juntos [&hellip;]\" \/>\n<meta property=\"og:url\" content=\"http:\/\/pilgrimagetoeurope.com\/en\/igwt1\/\" \/>\n<meta property=\"og:site_name\" content=\"pilgrimagetoeurope.com\" \/>\n<meta property=\"article:modified_time\" content=\"2023-01-29T19:25:51+00:00\" \/>\n<meta property=\"og:image\" content=\"http:\/\/pilgrimagetoeurope.com\/wp-content\/uploads\/2023\/01\/alicante-peque-300x300.jpg\" \/>\n<meta name=\"twitter:card\" content=\"summary_large_image\" \/>\n<meta name=\"twitter:label1\" content=\"Estimated reading time\" \/>\n\t<meta name=\"twitter:data1\" content=\"2 minutes\" \/>\n<script type=\"application\/ld+json\" class=\"yoast-schema-graph\">{\"@context\":\"https:\\\/\\\/schema.org\",\"@graph\":[{\"@type\":\"WebPage\",\"@id\":\"http:\\\/\\\/pilgrimagetoeurope.com\\\/igwt1\\\/\",\"url\":\"http:\\\/\\\/pilgrimagetoeurope.com\\\/igwt1\\\/\",\"name\":\"In Green we trust - pilgrimagetoeurope.com\",\"isPartOf\":{\"@id\":\"http:\\\/\\\/pilgrimagetoeurope.com\\\/#website\"},\"primaryImageOfPage\":{\"@id\":\"http:\\\/\\\/pilgrimagetoeurope.com\\\/igwt1\\\/#primaryimage\"},\"image\":{\"@id\":\"http:\\\/\\\/pilgrimagetoeurope.com\\\/igwt1\\\/#primaryimage\"},\"thumbnailUrl\":\"http:\\\/\\\/pilgrimagetoeurope.com\\\/wp-content\\\/uploads\\\/2023\\\/01\\\/alicante-peque-300x300.jpg\",\"datePublished\":\"2023-01-29T19:16:44+00:00\",\"dateModified\":\"2023-01-29T19:25:51+00:00\",\"breadcrumb\":{\"@id\":\"http:\\\/\\\/pilgrimagetoeurope.com\\\/igwt1\\\/#breadcrumb\"},\"inLanguage\":\"en-GB\",\"potentialAction\":[{\"@type\":\"ReadAction\",\"target\":[\"http:\\\/\\\/pilgrimagetoeurope.com\\\/igwt1\\\/\"]}]},{\"@type\":\"ImageObject\",\"inLanguage\":\"en-GB\",\"@id\":\"http:\\\/\\\/pilgrimagetoeurope.com\\\/igwt1\\\/#primaryimage\",\"url\":\"http:\\\/\\\/pilgrimagetoeurope.com\\\/wp-content\\\/uploads\\\/2023\\\/01\\\/alicante-peque-300x300.jpg\",\"contentUrl\":\"http:\\\/\\\/pilgrimagetoeurope.com\\\/wp-content\\\/uploads\\\/2023\\\/01\\\/alicante-peque-300x300.jpg\"},{\"@type\":\"BreadcrumbList\",\"@id\":\"http:\\\/\\\/pilgrimagetoeurope.com\\\/igwt1\\\/#breadcrumb\",\"itemListElement\":[{\"@type\":\"ListItem\",\"position\":1,\"name\":\"Home\",\"item\":\"http:\\\/\\\/pilgrimagetoeurope.com\\\/\"},{\"@type\":\"ListItem\",\"position\":2,\"name\":\"In Green we trust\"}]},{\"@type\":\"WebSite\",\"@id\":\"http:\\\/\\\/pilgrimagetoeurope.com\\\/#website\",\"url\":\"http:\\\/\\\/pilgrimagetoeurope.com\\\/\",\"name\":\"pilgrimagetoeurope.com\",\"description\":\"pilgrimagetoeurope.com\",\"publisher\":{\"@id\":\"http:\\\/\\\/pilgrimagetoeurope.com\\\/#organization\"},\"potentialAction\":[{\"@type\":\"SearchAction\",\"target\":{\"@type\":\"EntryPoint\",\"urlTemplate\":\"http:\\\/\\\/pilgrimagetoeurope.com\\\/?s={search_term_string}\"},\"query-input\":{\"@type\":\"PropertyValueSpecification\",\"valueRequired\":true,\"valueName\":\"search_term_string\"}}],\"inLanguage\":\"en-GB\"},{\"@type\":\"Organization\",\"@id\":\"http:\\\/\\\/pilgrimagetoeurope.com\\\/#organization\",\"name\":\"pilgrimagetoeurope.com\",\"url\":\"http:\\\/\\\/pilgrimagetoeurope.com\\\/\",\"logo\":{\"@type\":\"ImageObject\",\"inLanguage\":\"en-GB\",\"@id\":\"http:\\\/\\\/pilgrimagetoeurope.com\\\/#\\\/schema\\\/logo\\\/image\\\/\",\"url\":\"https:\\\/\\\/i0.wp.com\\\/pilgrimagetoeurope.com\\\/wp-content\\\/uploads\\\/2025\\\/05\\\/logo-P2E-pequeno-2.jpg?fit=250%2C103&ssl=1\",\"contentUrl\":\"https:\\\/\\\/i0.wp.com\\\/pilgrimagetoeurope.com\\\/wp-content\\\/uploads\\\/2025\\\/05\\\/logo-P2E-pequeno-2.jpg?fit=250%2C103&ssl=1\",\"width\":250,\"height\":103,\"caption\":\"pilgrimagetoeurope.com\"},\"image\":{\"@id\":\"http:\\\/\\\/pilgrimagetoeurope.com\\\/#\\\/schema\\\/logo\\\/image\\\/\"}}]}<\/script>\n<!-- \/ Yoast SEO plugin. -->","yoast_head_json":{"title":"In Green we trust - pilgrimagetoeurope.com","robots":{"index":"index","follow":"follow","max-snippet":"max-snippet:-1","max-image-preview":"max-image-preview:large","max-video-preview":"max-video-preview:-1"},"canonical":"http:\/\/pilgrimagetoeurope.com\/en\/igwt1\/","og_locale":"en_GB","og_type":"article","og_title":"In Green we trust - pilgrimagetoeurope.com","og_description":"Pilgrimage to Europe se complace en anunciar el inicio de la implementaci\u00f3n de nuestro primer proyecto Erasmus+. In Green we Trust, financiado por Erasmus+, es un intercambio de j\u00f3venes que re\u00fane a 36 participantes procedentes de Chipre, Grecia, Rep\u00fablica de Macedonia del Norte, Ruman\u00eda, Turqu\u00eda y Espa\u00f1a.\u00a0Los j\u00f3venes se reunir\u00e1n en Alicante para explorar juntos [&hellip;]","og_url":"http:\/\/pilgrimagetoeurope.com\/en\/igwt1\/","og_site_name":"pilgrimagetoeurope.com","article_modified_time":"2023-01-29T19:25:51+00:00","og_image":[{"url":"http:\/\/pilgrimagetoeurope.com\/wp-content\/uploads\/2023\/01\/alicante-peque-300x300.jpg","type":"","width":"","height":""}],"twitter_card":"summary_large_image","twitter_misc":{"Estimated reading time":"2 minutes"},"schema":{"@context":"https:\/\/schema.org","@graph":[{"@type":"WebPage","@id":"http:\/\/pilgrimagetoeurope.com\/igwt1\/","url":"http:\/\/pilgrimagetoeurope.com\/igwt1\/","name":"In Green we trust - pilgrimagetoeurope.com","isPartOf":{"@id":"http:\/\/pilgrimagetoeurope.com\/#website"},"primaryImageOfPage":{"@id":"http:\/\/pilgrimagetoeurope.com\/igwt1\/#primaryimage"},"image":{"@id":"http:\/\/pilgrimagetoeurope.com\/igwt1\/#primaryimage"},"thumbnailUrl":"http:\/\/pilgrimagetoeurope.com\/wp-content\/uploads\/2023\/01\/alicante-peque-300x300.jpg","datePublished":"2023-01-29T19:16:44+00:00","dateModified":"2023-01-29T19:25:51+00:00","breadcrumb":{"@id":"http:\/\/pilgrimagetoeurope.com\/igwt1\/#breadcrumb"},"inLanguage":"en-GB","potentialAction":[{"@type":"ReadAction","target":["http:\/\/pilgrimagetoeurope.com\/igwt1\/"]}]},{"@type":"ImageObject","inLanguage":"en-GB","@id":"http:\/\/pilgrimagetoeurope.com\/igwt1\/#primaryimage","url":"http:\/\/pilgrimagetoeurope.com\/wp-content\/uploads\/2023\/01\/alicante-peque-300x300.jpg","contentUrl":"http:\/\/pilgrimagetoeurope.com\/wp-content\/uploads\/2023\/01\/alicante-peque-300x300.jpg"},{"@type":"BreadcrumbList","@id":"http:\/\/pilgrimagetoeurope.com\/igwt1\/#breadcrumb","itemListElement":[{"@type":"ListItem","position":1,"name":"Home","item":"http:\/\/pilgrimagetoeurope.com\/"},{"@type":"ListItem","position":2,"name":"In Green we trust"}]},{"@type":"WebSite","@id":"http:\/\/pilgrimagetoeurope.com\/#website","url":"http:\/\/pilgrimagetoeurope.com\/","name":"pilgrimagetoeurope.com","description":"pilgrimagetoeurope.com","publisher":{"@id":"http:\/\/pilgrimagetoeurope.com\/#organization"},"potentialAction":[{"@type":"SearchAction","target":{"@type":"EntryPoint","urlTemplate":"http:\/\/pilgrimagetoeurope.com\/?s={search_term_string}"},"query-input":{"@type":"PropertyValueSpecification","valueRequired":true,"valueName":"search_term_string"}}],"inLanguage":"en-GB"},{"@type":"Organization","@id":"http:\/\/pilgrimagetoeurope.com\/#organization","name":"pilgrimagetoeurope.com","url":"http:\/\/pilgrimagetoeurope.com\/","logo":{"@type":"ImageObject","inLanguage":"en-GB","@id":"http:\/\/pilgrimagetoeurope.com\/#\/schema\/logo\/image\/","url":"https:\/\/i0.wp.com\/pilgrimagetoeurope.com\/wp-content\/uploads\/2025\/05\/logo-P2E-pequeno-2.jpg?fit=250%2C103&ssl=1","contentUrl":"https:\/\/i0.wp.com\/pilgrimagetoeurope.com\/wp-content\/uploads\/2025\/05\/logo-P2E-pequeno-2.jpg?fit=250%2C103&ssl=1","width":250,"height":103,"caption":"pilgrimagetoeurope.com"},"image":{"@id":"http:\/\/pilgrimagetoeurope.com\/#\/schema\/logo\/image\/"}}]}},"jetpack_sharing_enabled":true,"_links":{"self":[{"href":"https:\/\/pilgrimagetoeurope.com\/en\/wp-json\/wp\/v2\/pages\/17","targetHints":{"allow":["GET"]}}],"collection":[{"href":"https:\/\/pilgrimagetoeurope.com\/en\/wp-json\/wp\/v2\/pages"}],"about":[{"href":"https:\/\/pilgrimagetoeurope.com\/en\/wp-json\/wp\/v2\/types\/page"}],"author":[{"embeddable":true,"href":"https:\/\/pilgrimagetoeurope.com\/en\/wp-json\/wp\/v2\/users\/1"}],"replies":[{"embeddable":true,"href":"https:\/\/pilgrimagetoeurope.com\/en\/wp-json\/wp\/v2\/comments?post=17"}],"version-history":[{"count":6,"href":"https:\/\/pilgrimagetoeurope.com\/en\/wp-json\/wp\/v2\/pages\/17\/revisions"}],"predecessor-version":[{"id":30,"href":"https:\/\/pilgrimagetoeurope.com\/en\/wp-json\/wp\/v2\/pages\/17\/revisions\/30"}],"wp:attachment":[{"href":"https:\/\/pilgrimagetoeurope.com\/en\/wp-json\/wp\/v2\/media?parent=17"}],"curies":[{"name":"wp","href":"https:\/\/api.w.org\/{rel}","templated":true}]}}