{"id":31,"date":"2023-01-29T19:28:20","date_gmt":"2023-01-29T19:28:20","guid":{"rendered":"https:\/\/pilgrimagetoeurope.com\/?page_id=31"},"modified":"2023-03-08T01:00:47","modified_gmt":"2023-03-08T01:00:47","slug":"about","status":"publish","type":"page","link":"https:\/\/pilgrimagetoeurope.com\/en\/about\/","title":{"rendered":"Qui\u00e9nes somos"},"content":{"rendered":"<div data-elementor-type=\"wp-page\" data-elementor-id=\"31\" class=\"elementor elementor-31\">\n\t\t\t\t\t\t<section class=\"elementor-section elementor-top-section elementor-element elementor-element-1d17cac elementor-section-boxed elementor-section-height-default elementor-section-height-default\" data-id=\"1d17cac\" data-element_type=\"section\" data-e-type=\"section\">\n\t\t\t\t\t\t<div class=\"elementor-container elementor-column-gap-default\">\n\t\t\t\t\t<div class=\"elementor-column elementor-col-100 elementor-top-column elementor-element elementor-element-44407bc\" data-id=\"44407bc\" data-element_type=\"column\" data-e-type=\"column\">\n\t\t\t<div class=\"elementor-widget-wrap elementor-element-populated\">\n\t\t\t\t\t\t<div class=\"elementor-element elementor-element-086a2ac elementor-widget elementor-widget-image\" data-id=\"086a2ac\" data-element_type=\"widget\" data-e-type=\"widget\" data-widget_type=\"image.default\">\n\t\t\t\t<div class=\"elementor-widget-container\">\n\t\t\t\t\t\t\t\t\t\t\t\t\t\t\t<img fetchpriority=\"high\" decoding=\"async\" width=\"424\" height=\"129\" src=\"https:\/\/i0.wp.com\/pilgrimagetoeurope.com\/wp-content\/uploads\/2023\/03\/logo-yellow.png?fit=424%2C129\" class=\"attachment-large size-large wp-image-165\" alt=\"\" srcset=\"https:\/\/i0.wp.com\/pilgrimagetoeurope.com\/wp-content\/uploads\/2023\/03\/logo-yellow.png?w=424 424w, https:\/\/i0.wp.com\/pilgrimagetoeurope.com\/wp-content\/uploads\/2023\/03\/logo-yellow.png?resize=300%2C91 300w, https:\/\/i0.wp.com\/pilgrimagetoeurope.com\/wp-content\/uploads\/2023\/03\/logo-yellow.png?resize=18%2C5 18w\" sizes=\"(max-width: 424px) 100vw, 424px\" \/>\t\t\t\t\t\t\t\t\t\t\t\t\t\t\t<\/div>\n\t\t\t\t<\/div>\n\t\t\t\t\t<\/div>\n\t\t<\/div>\n\t\t\t\t\t<\/div>\n\t\t<\/section>\n\t\t\t\t<section class=\"elementor-section elementor-top-section elementor-element elementor-element-6f9c13e elementor-section-boxed elementor-section-height-default elementor-section-height-default\" data-id=\"6f9c13e\" data-element_type=\"section\" data-e-type=\"section\">\n\t\t\t\t\t\t<div class=\"elementor-container elementor-column-gap-default\">\n\t\t\t\t\t<div class=\"elementor-column elementor-col-100 elementor-top-column elementor-element elementor-element-62304a9\" data-id=\"62304a9\" data-element_type=\"column\" data-e-type=\"column\">\n\t\t\t<div class=\"elementor-widget-wrap elementor-element-populated\">\n\t\t\t\t\t\t<div class=\"elementor-element elementor-element-c279364 elementor-widget elementor-widget-text-editor\" data-id=\"c279364\" data-element_type=\"widget\" data-e-type=\"widget\" data-widget_type=\"text-editor.default\">\n\t\t\t\t<div class=\"elementor-widget-container\">\n\t\t\t\t\t\t\t\t\t<p>Es una asociaci\u00f3n de \u00e1mbito nacional legalmente constituida seg\u00fan la legislaci\u00f3n espa\u00f1ola.<\/p>\n<p>Guiados por nuestros valores y tal como se recogen en nuestros estatutos, nuestros fines son:<\/p>\n<p><br><\/p>\t\t\t\t\t\t\t\t<\/div>\n\t\t\t\t<\/div>\n\t\t\t\t\t<\/div>\n\t\t<\/div>\n\t\t\t\t\t<\/div>\n\t\t<\/section>\n\t\t\t\t<section class=\"elementor-section elementor-top-section elementor-element elementor-element-137024b elementor-section-boxed elementor-section-height-default elementor-section-height-default\" data-id=\"137024b\" data-element_type=\"section\" data-e-type=\"section\">\n\t\t\t\t\t\t<div class=\"elementor-container elementor-column-gap-default\">\n\t\t\t\t\t<div class=\"elementor-column elementor-col-33 elementor-top-column elementor-element elementor-element-73150ca\" data-id=\"73150ca\" data-element_type=\"column\" data-e-type=\"column\">\n\t\t\t<div class=\"elementor-widget-wrap elementor-element-populated\">\n\t\t\t\t\t\t<div class=\"elementor-element elementor-element-f1187e8 elementor-widget elementor-widget-image\" data-id=\"f1187e8\" data-element_type=\"widget\" data-e-type=\"widget\" data-widget_type=\"image.default\">\n\t\t\t\t<div class=\"elementor-widget-container\">\n\t\t\t\t\t\t\t\t\t\t\t\t\t\t\t<img decoding=\"async\" width=\"800\" height=\"450\" src=\"https:\/\/i0.wp.com\/pilgrimagetoeurope.com\/wp-content\/uploads\/2023\/03\/hands.jpg?fit=800%2C450\" class=\"attachment-large size-large wp-image-154\" alt=\"\" srcset=\"https:\/\/i0.wp.com\/pilgrimagetoeurope.com\/wp-content\/uploads\/2023\/03\/hands.jpg?w=1917 1917w, https:\/\/i0.wp.com\/pilgrimagetoeurope.com\/wp-content\/uploads\/2023\/03\/hands.jpg?resize=300%2C169 300w, https:\/\/i0.wp.com\/pilgrimagetoeurope.com\/wp-content\/uploads\/2023\/03\/hands.jpg?resize=1024%2C576 1024w, https:\/\/i0.wp.com\/pilgrimagetoeurope.com\/wp-content\/uploads\/2023\/03\/hands.jpg?resize=768%2C432 768w, https:\/\/i0.wp.com\/pilgrimagetoeurope.com\/wp-content\/uploads\/2023\/03\/hands.jpg?resize=1536%2C865 1536w, https:\/\/i0.wp.com\/pilgrimagetoeurope.com\/wp-content\/uploads\/2023\/03\/hands.jpg?resize=18%2C10 18w, https:\/\/i0.wp.com\/pilgrimagetoeurope.com\/wp-content\/uploads\/2023\/03\/hands.jpg?w=1600 1600w\" sizes=\"(max-width: 800px) 100vw, 800px\" \/>\t\t\t\t\t\t\t\t\t\t\t\t\t\t\t<\/div>\n\t\t\t\t<\/div>\n\t\t\t\t\t<\/div>\n\t\t<\/div>\n\t\t\t\t<div class=\"elementor-column elementor-col-66 elementor-top-column elementor-element elementor-element-5a80fdd\" data-id=\"5a80fdd\" data-element_type=\"column\" data-e-type=\"column\">\n\t\t\t<div class=\"elementor-widget-wrap elementor-element-populated\">\n\t\t\t\t\t\t<div class=\"elementor-element elementor-element-c5cdac2 elementor-widget elementor-widget-text-editor\" data-id=\"c5cdac2\" data-element_type=\"widget\" data-e-type=\"widget\" data-widget_type=\"text-editor.default\">\n\t\t\t\t<div class=\"elementor-widget-container\">\n\t\t\t\t\t\t\t\t\t<blockquote><h4 style=\"text-align: center;\">La integraci\u00f3n de los j\u00f3venes europeos en la Uni\u00f3n Europea, con especial atenci\u00f3n a los j\u00f3venes residentes en zonas deprimidas econ\u00f3micamente y\/o rurales. As\u00ed como los que por sus condiciones socioecon\u00f3micas requieran el apoyo de nuestra organizaci\u00f3n.<\/h4><\/blockquote>\t\t\t\t\t\t\t\t<\/div>\n\t\t\t\t<\/div>\n\t\t\t\t\t<\/div>\n\t\t<\/div>\n\t\t\t\t\t<\/div>\n\t\t<\/section>\n\t\t\t\t<section class=\"elementor-section elementor-top-section elementor-element elementor-element-959e769 elementor-section-boxed elementor-section-height-default elementor-section-height-default\" data-id=\"959e769\" data-element_type=\"section\" data-e-type=\"section\">\n\t\t\t\t\t\t<div class=\"elementor-container elementor-column-gap-default\">\n\t\t\t\t\t<div class=\"elementor-column elementor-col-66 elementor-top-column elementor-element elementor-element-322c819\" data-id=\"322c819\" data-element_type=\"column\" data-e-type=\"column\">\n\t\t\t<div class=\"elementor-widget-wrap elementor-element-populated\">\n\t\t\t\t\t\t<div class=\"elementor-element elementor-element-7af3e1e elementor-widget elementor-widget-text-editor\" data-id=\"7af3e1e\" data-element_type=\"widget\" data-e-type=\"widget\" data-widget_type=\"text-editor.default\">\n\t\t\t\t<div class=\"elementor-widget-container\">\n\t\t\t\t\t\t\t\t\t<blockquote><h4 style=\"text-align: center;\">\u00a0<\/h4><h4 style=\"text-align: center;\">Promover la igualdad de oportunidades, integrar a los j\u00f3venes en el proyecto europeo.<\/h4><\/blockquote><div>\u00a0<\/div>\t\t\t\t\t\t\t\t<\/div>\n\t\t\t\t<\/div>\n\t\t\t\t\t<\/div>\n\t\t<\/div>\n\t\t\t\t<div class=\"elementor-column elementor-col-33 elementor-top-column elementor-element elementor-element-d1feea0\" data-id=\"d1feea0\" data-element_type=\"column\" data-e-type=\"column\">\n\t\t\t<div class=\"elementor-widget-wrap elementor-element-populated\">\n\t\t\t\t\t\t<div class=\"elementor-element elementor-element-b576455 elementor-widget elementor-widget-image\" data-id=\"b576455\" data-element_type=\"widget\" data-e-type=\"widget\" data-widget_type=\"image.default\">\n\t\t\t\t<div class=\"elementor-widget-container\">\n\t\t\t\t\t\t\t\t\t\t\t\t\t\t\t<img decoding=\"async\" width=\"800\" height=\"450\" src=\"https:\/\/i0.wp.com\/pilgrimagetoeurope.com\/wp-content\/uploads\/2023\/03\/kids-scaled.jpg?fit=800%2C450\" class=\"attachment-large size-large wp-image-153\" alt=\"\" srcset=\"https:\/\/i0.wp.com\/pilgrimagetoeurope.com\/wp-content\/uploads\/2023\/03\/kids-scaled.jpg?w=2560 2560w, https:\/\/i0.wp.com\/pilgrimagetoeurope.com\/wp-content\/uploads\/2023\/03\/kids-scaled.jpg?resize=300%2C169 300w, https:\/\/i0.wp.com\/pilgrimagetoeurope.com\/wp-content\/uploads\/2023\/03\/kids-scaled.jpg?resize=1024%2C576 1024w, https:\/\/i0.wp.com\/pilgrimagetoeurope.com\/wp-content\/uploads\/2023\/03\/kids-scaled.jpg?resize=768%2C432 768w, https:\/\/i0.wp.com\/pilgrimagetoeurope.com\/wp-content\/uploads\/2023\/03\/kids-scaled.jpg?resize=1536%2C864 1536w, https:\/\/i0.wp.com\/pilgrimagetoeurope.com\/wp-content\/uploads\/2023\/03\/kids-scaled.jpg?resize=2048%2C1152 2048w, https:\/\/i0.wp.com\/pilgrimagetoeurope.com\/wp-content\/uploads\/2023\/03\/kids-scaled.jpg?resize=18%2C10 18w, https:\/\/i0.wp.com\/pilgrimagetoeurope.com\/wp-content\/uploads\/2023\/03\/kids-scaled.jpg?w=1600 1600w, https:\/\/i0.wp.com\/pilgrimagetoeurope.com\/wp-content\/uploads\/2023\/03\/kids-scaled.jpg?w=2400 2400w\" sizes=\"(max-width: 800px) 100vw, 800px\" \/>\t\t\t\t\t\t\t\t\t\t\t\t\t\t\t<\/div>\n\t\t\t\t<\/div>\n\t\t\t\t\t<\/div>\n\t\t<\/div>\n\t\t\t\t\t<\/div>\n\t\t<\/section>\n\t\t\t\t<section class=\"elementor-section elementor-top-section elementor-element elementor-element-c91d7ad elementor-section-boxed elementor-section-height-default elementor-section-height-default\" data-id=\"c91d7ad\" data-element_type=\"section\" data-e-type=\"section\">\n\t\t\t\t\t\t<div class=\"elementor-container elementor-column-gap-default\">\n\t\t\t\t\t<div class=\"elementor-column elementor-col-33 elementor-top-column elementor-element elementor-element-136d6e4\" data-id=\"136d6e4\" data-element_type=\"column\" data-e-type=\"column\">\n\t\t\t<div class=\"elementor-widget-wrap elementor-element-populated\">\n\t\t\t\t\t\t<div class=\"elementor-element elementor-element-9221749 elementor-widget elementor-widget-image\" data-id=\"9221749\" data-element_type=\"widget\" data-e-type=\"widget\" data-widget_type=\"image.default\">\n\t\t\t\t<div class=\"elementor-widget-container\">\n\t\t\t\t\t\t\t\t\t\t\t\t\t\t\t<img loading=\"lazy\" decoding=\"async\" width=\"800\" height=\"450\" src=\"https:\/\/i0.wp.com\/pilgrimagetoeurope.com\/wp-content\/uploads\/2023\/03\/border-scaled.jpg?fit=800%2C450\" class=\"attachment-large size-large wp-image-151\" alt=\"\" srcset=\"https:\/\/i0.wp.com\/pilgrimagetoeurope.com\/wp-content\/uploads\/2023\/03\/border-scaled.jpg?w=2560 2560w, https:\/\/i0.wp.com\/pilgrimagetoeurope.com\/wp-content\/uploads\/2023\/03\/border-scaled.jpg?resize=300%2C169 300w, https:\/\/i0.wp.com\/pilgrimagetoeurope.com\/wp-content\/uploads\/2023\/03\/border-scaled.jpg?resize=1024%2C576 1024w, https:\/\/i0.wp.com\/pilgrimagetoeurope.com\/wp-content\/uploads\/2023\/03\/border-scaled.jpg?resize=768%2C432 768w, https:\/\/i0.wp.com\/pilgrimagetoeurope.com\/wp-content\/uploads\/2023\/03\/border-scaled.jpg?resize=1536%2C864 1536w, https:\/\/i0.wp.com\/pilgrimagetoeurope.com\/wp-content\/uploads\/2023\/03\/border-scaled.jpg?resize=2048%2C1152 2048w, https:\/\/i0.wp.com\/pilgrimagetoeurope.com\/wp-content\/uploads\/2023\/03\/border-scaled.jpg?resize=18%2C10 18w, https:\/\/i0.wp.com\/pilgrimagetoeurope.com\/wp-content\/uploads\/2023\/03\/border-scaled.jpg?w=1600 1600w, https:\/\/i0.wp.com\/pilgrimagetoeurope.com\/wp-content\/uploads\/2023\/03\/border-scaled.jpg?w=2400 2400w\" sizes=\"(max-width: 800px) 100vw, 800px\" \/>\t\t\t\t\t\t\t\t\t\t\t\t\t\t\t<\/div>\n\t\t\t\t<\/div>\n\t\t\t\t\t<\/div>\n\t\t<\/div>\n\t\t\t\t<div class=\"elementor-column elementor-col-66 elementor-top-column elementor-element elementor-element-019b586\" data-id=\"019b586\" data-element_type=\"column\" data-e-type=\"column\">\n\t\t\t<div class=\"elementor-widget-wrap elementor-element-populated\">\n\t\t\t\t\t\t<div class=\"elementor-element elementor-element-be23b04 elementor-widget elementor-widget-text-editor\" data-id=\"be23b04\" data-element_type=\"widget\" data-e-type=\"widget\" data-widget_type=\"text-editor.default\">\n\t\t\t\t<div class=\"elementor-widget-container\">\n\t\t\t\t\t\t\t\t\t<h4 style=\"text-align: center;\"><br><\/h4><h4 style=\"text-align: center;\">Establecer relaciones con otras organizaciones similares, tanto espa\u00f1olas como extranjeras, con el fin de ahondar en nuestro objetivo de un mundo donde las fronteras no impongan barreras entre las personas.<\/h4>\t\t\t\t\t\t\t\t<\/div>\n\t\t\t\t<\/div>\n\t\t\t\t\t<\/div>\n\t\t<\/div>\n\t\t\t\t\t<\/div>\n\t\t<\/section>\n\t\t\t\t<section class=\"elementor-section elementor-top-section elementor-element elementor-element-08ff3cd elementor-section-boxed elementor-section-height-default elementor-section-height-default\" data-id=\"08ff3cd\" data-element_type=\"section\" data-e-type=\"section\">\n\t\t\t\t\t\t<div class=\"elementor-container elementor-column-gap-default\">\n\t\t\t\t\t<div class=\"elementor-column elementor-col-66 elementor-top-column elementor-element elementor-element-20dd658\" data-id=\"20dd658\" data-element_type=\"column\" data-e-type=\"column\">\n\t\t\t<div class=\"elementor-widget-wrap elementor-element-populated\">\n\t\t\t\t\t\t<div class=\"elementor-element elementor-element-49c4895 elementor-widget elementor-widget-text-editor\" data-id=\"49c4895\" data-element_type=\"widget\" data-e-type=\"widget\" data-widget_type=\"text-editor.default\">\n\t\t\t\t<div class=\"elementor-widget-container\">\n\t\t\t\t\t\t\t\t\t<blockquote><h4 style=\"text-align: center;\">\u00a0<\/h4><h4 style=\"text-align: center;\">La conservaci\u00f3n de la naturaleza y la concienciaci\u00f3n de los j\u00f3venes con el cuidado del entorno y el desarrollo sostenible.<\/h4><\/blockquote>\t\t\t\t\t\t\t\t<\/div>\n\t\t\t\t<\/div>\n\t\t\t\t\t<\/div>\n\t\t<\/div>\n\t\t\t\t<div class=\"elementor-column elementor-col-33 elementor-top-column elementor-element elementor-element-61707b9\" data-id=\"61707b9\" data-element_type=\"column\" data-e-type=\"column\">\n\t\t\t<div class=\"elementor-widget-wrap elementor-element-populated\">\n\t\t\t\t\t\t<div class=\"elementor-element elementor-element-9f6ae2b elementor-widget elementor-widget-image\" data-id=\"9f6ae2b\" data-element_type=\"widget\" data-e-type=\"widget\" data-widget_type=\"image.default\">\n\t\t\t\t<div class=\"elementor-widget-container\">\n\t\t\t\t\t\t\t\t\t\t\t\t\t\t\t<img loading=\"lazy\" decoding=\"async\" width=\"800\" height=\"450\" src=\"https:\/\/i0.wp.com\/pilgrimagetoeurope.com\/wp-content\/uploads\/2023\/03\/susutinability.jpg?fit=800%2C450\" class=\"attachment-large size-large wp-image-152\" alt=\"\" srcset=\"https:\/\/i0.wp.com\/pilgrimagetoeurope.com\/wp-content\/uploads\/2023\/03\/susutinability.jpg?w=2551 2551w, https:\/\/i0.wp.com\/pilgrimagetoeurope.com\/wp-content\/uploads\/2023\/03\/susutinability.jpg?resize=300%2C169 300w, https:\/\/i0.wp.com\/pilgrimagetoeurope.com\/wp-content\/uploads\/2023\/03\/susutinability.jpg?resize=1024%2C576 1024w, https:\/\/i0.wp.com\/pilgrimagetoeurope.com\/wp-content\/uploads\/2023\/03\/susutinability.jpg?resize=768%2C432 768w, https:\/\/i0.wp.com\/pilgrimagetoeurope.com\/wp-content\/uploads\/2023\/03\/susutinability.jpg?resize=1536%2C863 1536w, https:\/\/i0.wp.com\/pilgrimagetoeurope.com\/wp-content\/uploads\/2023\/03\/susutinability.jpg?resize=2048%2C1151 2048w, https:\/\/i0.wp.com\/pilgrimagetoeurope.com\/wp-content\/uploads\/2023\/03\/susutinability.jpg?resize=18%2C10 18w, https:\/\/i0.wp.com\/pilgrimagetoeurope.com\/wp-content\/uploads\/2023\/03\/susutinability.jpg?w=1600 1600w, https:\/\/i0.wp.com\/pilgrimagetoeurope.com\/wp-content\/uploads\/2023\/03\/susutinability.jpg?w=2400 2400w\" sizes=\"(max-width: 800px) 100vw, 800px\" \/>\t\t\t\t\t\t\t\t\t\t\t\t\t\t\t<\/div>\n\t\t\t\t<\/div>\n\t\t\t\t\t<\/div>\n\t\t<\/div>\n\t\t\t\t\t<\/div>\n\t\t<\/section>\n\t\t\t\t<\/div>","protected":false},"excerpt":{"rendered":"<p>Es una asociaci\u00f3n de \u00e1mbito nacional legalmente constituida seg\u00fan la legislaci\u00f3n espa\u00f1ola. Guiados por nuestros valores y tal como se recogen en nuestros estatutos, nuestros fines son: La integraci\u00f3n de los j\u00f3venes europeos en la Uni\u00f3n Europea, con especial atenci\u00f3n a los j\u00f3venes residentes en zonas deprimidas econ\u00f3micamente y\/o rurales. As\u00ed como los que por [&hellip;]<\/p>\n","protected":false},"author":1,"featured_media":0,"parent":0,"menu_order":0,"comment_status":"closed","ping_status":"closed","template":"","meta":{"nf_dc_page":"","om_disable_all_campaigns":false,"footnotes":""},"class_list":["post-31","page","type-page","status-publish","hentry"],"yoast_head":"<!-- This site is optimized with the Yoast SEO plugin v27.4 - https:\/\/yoast.com\/product\/yoast-seo-wordpress\/ -->\n<title>Qui\u00e9nes somos - pilgrimagetoeurope.com<\/title>\n<meta name=\"robots\" content=\"index, follow, max-snippet:-1, max-image-preview:large, max-video-preview:-1\" \/>\n<link rel=\"canonical\" href=\"http:\/\/pilgrimagetoeurope.com\/en\/about\/\" \/>\n<meta property=\"og:locale\" content=\"en_GB\" \/>\n<meta property=\"og:type\" content=\"article\" \/>\n<meta property=\"og:title\" content=\"Qui\u00e9nes somos - pilgrimagetoeurope.com\" \/>\n<meta property=\"og:description\" content=\"Es una asociaci\u00f3n de \u00e1mbito nacional legalmente constituida seg\u00fan la legislaci\u00f3n espa\u00f1ola. Guiados por nuestros valores y tal como se recogen en nuestros estatutos, nuestros fines son: La integraci\u00f3n de los j\u00f3venes europeos en la Uni\u00f3n Europea, con especial atenci\u00f3n a los j\u00f3venes residentes en zonas deprimidas econ\u00f3micamente y\/o rurales. As\u00ed como los que por [&hellip;]\" \/>\n<meta property=\"og:url\" content=\"http:\/\/pilgrimagetoeurope.com\/en\/about\/\" \/>\n<meta property=\"og:site_name\" content=\"pilgrimagetoeurope.com\" \/>\n<meta property=\"article:modified_time\" content=\"2023-03-08T01:00:47+00:00\" \/>\n<meta property=\"og:image\" content=\"http:\/\/pilgrimagetoeurope.com\/wp-content\/uploads\/2023\/03\/logo-yellow.png\" \/>\n<meta name=\"twitter:card\" content=\"summary_large_image\" \/>\n<meta name=\"twitter:label1\" content=\"Estimated reading time\" \/>\n\t<meta name=\"twitter:data1\" content=\"2 minutes\" \/>\n<script type=\"application\/ld+json\" class=\"yoast-schema-graph\">{\"@context\":\"https:\\\/\\\/schema.org\",\"@graph\":[{\"@type\":\"WebPage\",\"@id\":\"http:\\\/\\\/pilgrimagetoeurope.com\\\/about\\\/\",\"url\":\"http:\\\/\\\/pilgrimagetoeurope.com\\\/about\\\/\",\"name\":\"Qui\u00e9nes somos - pilgrimagetoeurope.com\",\"isPartOf\":{\"@id\":\"http:\\\/\\\/pilgrimagetoeurope.com\\\/#website\"},\"primaryImageOfPage\":{\"@id\":\"http:\\\/\\\/pilgrimagetoeurope.com\\\/about\\\/#primaryimage\"},\"image\":{\"@id\":\"http:\\\/\\\/pilgrimagetoeurope.com\\\/about\\\/#primaryimage\"},\"thumbnailUrl\":\"http:\\\/\\\/pilgrimagetoeurope.com\\\/wp-content\\\/uploads\\\/2023\\\/03\\\/logo-yellow.png\",\"datePublished\":\"2023-01-29T19:28:20+00:00\",\"dateModified\":\"2023-03-08T01:00:47+00:00\",\"breadcrumb\":{\"@id\":\"http:\\\/\\\/pilgrimagetoeurope.com\\\/about\\\/#breadcrumb\"},\"inLanguage\":\"en-GB\",\"potentialAction\":[{\"@type\":\"ReadAction\",\"target\":[\"http:\\\/\\\/pilgrimagetoeurope.com\\\/about\\\/\"]}]},{\"@type\":\"ImageObject\",\"inLanguage\":\"en-GB\",\"@id\":\"http:\\\/\\\/pilgrimagetoeurope.com\\\/about\\\/#primaryimage\",\"url\":\"http:\\\/\\\/pilgrimagetoeurope.com\\\/wp-content\\\/uploads\\\/2023\\\/03\\\/logo-yellow.png\",\"contentUrl\":\"http:\\\/\\\/pilgrimagetoeurope.com\\\/wp-content\\\/uploads\\\/2023\\\/03\\\/logo-yellow.png\"},{\"@type\":\"BreadcrumbList\",\"@id\":\"http:\\\/\\\/pilgrimagetoeurope.com\\\/about\\\/#breadcrumb\",\"itemListElement\":[{\"@type\":\"ListItem\",\"position\":1,\"name\":\"Home\",\"item\":\"http:\\\/\\\/pilgrimagetoeurope.com\\\/\"},{\"@type\":\"ListItem\",\"position\":2,\"name\":\"Qui\u00e9nes somos\"}]},{\"@type\":\"WebSite\",\"@id\":\"http:\\\/\\\/pilgrimagetoeurope.com\\\/#website\",\"url\":\"http:\\\/\\\/pilgrimagetoeurope.com\\\/\",\"name\":\"pilgrimagetoeurope.com\",\"description\":\"pilgrimagetoeurope.com\",\"publisher\":{\"@id\":\"http:\\\/\\\/pilgrimagetoeurope.com\\\/#organization\"},\"potentialAction\":[{\"@type\":\"SearchAction\",\"target\":{\"@type\":\"EntryPoint\",\"urlTemplate\":\"http:\\\/\\\/pilgrimagetoeurope.com\\\/?s={search_term_string}\"},\"query-input\":{\"@type\":\"PropertyValueSpecification\",\"valueRequired\":true,\"valueName\":\"search_term_string\"}}],\"inLanguage\":\"en-GB\"},{\"@type\":\"Organization\",\"@id\":\"http:\\\/\\\/pilgrimagetoeurope.com\\\/#organization\",\"name\":\"pilgrimagetoeurope.com\",\"url\":\"http:\\\/\\\/pilgrimagetoeurope.com\\\/\",\"logo\":{\"@type\":\"ImageObject\",\"inLanguage\":\"en-GB\",\"@id\":\"http:\\\/\\\/pilgrimagetoeurope.com\\\/#\\\/schema\\\/logo\\\/image\\\/\",\"url\":\"https:\\\/\\\/i0.wp.com\\\/pilgrimagetoeurope.com\\\/wp-content\\\/uploads\\\/2025\\\/05\\\/logo-P2E-pequeno-2.jpg?fit=250%2C103&ssl=1\",\"contentUrl\":\"https:\\\/\\\/i0.wp.com\\\/pilgrimagetoeurope.com\\\/wp-content\\\/uploads\\\/2025\\\/05\\\/logo-P2E-pequeno-2.jpg?fit=250%2C103&ssl=1\",\"width\":250,\"height\":103,\"caption\":\"pilgrimagetoeurope.com\"},\"image\":{\"@id\":\"http:\\\/\\\/pilgrimagetoeurope.com\\\/#\\\/schema\\\/logo\\\/image\\\/\"}}]}<\/script>\n<!-- \/ Yoast SEO plugin. -->","yoast_head_json":{"title":"Qui\u00e9nes somos - pilgrimagetoeurope.com","robots":{"index":"index","follow":"follow","max-snippet":"max-snippet:-1","max-image-preview":"max-image-preview:large","max-video-preview":"max-video-preview:-1"},"canonical":"http:\/\/pilgrimagetoeurope.com\/en\/about\/","og_locale":"en_GB","og_type":"article","og_title":"Qui\u00e9nes somos - pilgrimagetoeurope.com","og_description":"Es una asociaci\u00f3n de \u00e1mbito nacional legalmente constituida seg\u00fan la legislaci\u00f3n espa\u00f1ola. Guiados por nuestros valores y tal como se recogen en nuestros estatutos, nuestros fines son: La integraci\u00f3n de los j\u00f3venes europeos en la Uni\u00f3n Europea, con especial atenci\u00f3n a los j\u00f3venes residentes en zonas deprimidas econ\u00f3micamente y\/o rurales. As\u00ed como los que por [&hellip;]","og_url":"http:\/\/pilgrimagetoeurope.com\/en\/about\/","og_site_name":"pilgrimagetoeurope.com","article_modified_time":"2023-03-08T01:00:47+00:00","og_image":[{"url":"http:\/\/pilgrimagetoeurope.com\/wp-content\/uploads\/2023\/03\/logo-yellow.png","type":"","width":"","height":""}],"twitter_card":"summary_large_image","twitter_misc":{"Estimated reading time":"2 minutes"},"schema":{"@context":"https:\/\/schema.org","@graph":[{"@type":"WebPage","@id":"http:\/\/pilgrimagetoeurope.com\/about\/","url":"http:\/\/pilgrimagetoeurope.com\/about\/","name":"Qui\u00e9nes somos - pilgrimagetoeurope.com","isPartOf":{"@id":"http:\/\/pilgrimagetoeurope.com\/#website"},"primaryImageOfPage":{"@id":"http:\/\/pilgrimagetoeurope.com\/about\/#primaryimage"},"image":{"@id":"http:\/\/pilgrimagetoeurope.com\/about\/#primaryimage"},"thumbnailUrl":"http:\/\/pilgrimagetoeurope.com\/wp-content\/uploads\/2023\/03\/logo-yellow.png","datePublished":"2023-01-29T19:28:20+00:00","dateModified":"2023-03-08T01:00:47+00:00","breadcrumb":{"@id":"http:\/\/pilgrimagetoeurope.com\/about\/#breadcrumb"},"inLanguage":"en-GB","potentialAction":[{"@type":"ReadAction","target":["http:\/\/pilgrimagetoeurope.com\/about\/"]}]},{"@type":"ImageObject","inLanguage":"en-GB","@id":"http:\/\/pilgrimagetoeurope.com\/about\/#primaryimage","url":"http:\/\/pilgrimagetoeurope.com\/wp-content\/uploads\/2023\/03\/logo-yellow.png","contentUrl":"http:\/\/pilgrimagetoeurope.com\/wp-content\/uploads\/2023\/03\/logo-yellow.png"},{"@type":"BreadcrumbList","@id":"http:\/\/pilgrimagetoeurope.com\/about\/#breadcrumb","itemListElement":[{"@type":"ListItem","position":1,"name":"Home","item":"http:\/\/pilgrimagetoeurope.com\/"},{"@type":"ListItem","position":2,"name":"Qui\u00e9nes somos"}]},{"@type":"WebSite","@id":"http:\/\/pilgrimagetoeurope.com\/#website","url":"http:\/\/pilgrimagetoeurope.com\/","name":"pilgrimagetoeurope.com","description":"pilgrimagetoeurope.com","publisher":{"@id":"http:\/\/pilgrimagetoeurope.com\/#organization"},"potentialAction":[{"@type":"SearchAction","target":{"@type":"EntryPoint","urlTemplate":"http:\/\/pilgrimagetoeurope.com\/?s={search_term_string}"},"query-input":{"@type":"PropertyValueSpecification","valueRequired":true,"valueName":"search_term_string"}}],"inLanguage":"en-GB"},{"@type":"Organization","@id":"http:\/\/pilgrimagetoeurope.com\/#organization","name":"pilgrimagetoeurope.com","url":"http:\/\/pilgrimagetoeurope.com\/","logo":{"@type":"ImageObject","inLanguage":"en-GB","@id":"http:\/\/pilgrimagetoeurope.com\/#\/schema\/logo\/image\/","url":"https:\/\/i0.wp.com\/pilgrimagetoeurope.com\/wp-content\/uploads\/2025\/05\/logo-P2E-pequeno-2.jpg?fit=250%2C103&ssl=1","contentUrl":"https:\/\/i0.wp.com\/pilgrimagetoeurope.com\/wp-content\/uploads\/2025\/05\/logo-P2E-pequeno-2.jpg?fit=250%2C103&ssl=1","width":250,"height":103,"caption":"pilgrimagetoeurope.com"},"image":{"@id":"http:\/\/pilgrimagetoeurope.com\/#\/schema\/logo\/image\/"}}]}},"jetpack_sharing_enabled":true,"_links":{"self":[{"href":"https:\/\/pilgrimagetoeurope.com\/en\/wp-json\/wp\/v2\/pages\/31","targetHints":{"allow":["GET"]}}],"collection":[{"href":"https:\/\/pilgrimagetoeurope.com\/en\/wp-json\/wp\/v2\/pages"}],"about":[{"href":"https:\/\/pilgrimagetoeurope.com\/en\/wp-json\/wp\/v2\/types\/page"}],"author":[{"embeddable":true,"href":"https:\/\/pilgrimagetoeurope.com\/en\/wp-json\/wp\/v2\/users\/1"}],"replies":[{"embeddable":true,"href":"https:\/\/pilgrimagetoeurope.com\/en\/wp-json\/wp\/v2\/comments?post=31"}],"version-history":[{"count":5,"href":"https:\/\/pilgrimagetoeurope.com\/en\/wp-json\/wp\/v2\/pages\/31\/revisions"}],"predecessor-version":[{"id":171,"href":"https:\/\/pilgrimagetoeurope.com\/en\/wp-json\/wp\/v2\/pages\/31\/revisions\/171"}],"wp:attachment":[{"href":"https:\/\/pilgrimagetoeurope.com\/en\/wp-json\/wp\/v2\/media?parent=31"}],"curies":[{"name":"wp","href":"https:\/\/api.w.org\/{rel}","templated":true}]}}